{"id":3,"date":"2020-05-07T14:45:05","date_gmt":"2020-05-07T12:45:05","guid":{"rendered":"https:\/\/www.calculyptus.com\/?page_id=3"},"modified":"2024-09-30T10:08:46","modified_gmt":"2024-09-30T08:08:46","slug":"politique-de-confidentialite","status":"publish","type":"page","link":"https:\/\/www.calculyptus.com\/en\/politique-de-confidentialite\/","title":{"rendered":"Privacy policy"},"content":{"rendered":"\t\t<div data-elementor-type=\"wp-page\" data-elementor-id=\"3\" class=\"elementor elementor-3\" data-elementor-post-type=\"page\">\n\t\t\t\t\t\t<section class=\"elementor-section elementor-top-section elementor-element elementor-element-5eca9fad elementor-section-height-min-height elementor-section-boxed elementor-section-height-default elementor-section-items-middle\" data-id=\"5eca9fad\" data-element_type=\"section\" data-e-type=\"section\" data-settings=\"{&quot;background_background&quot;:&quot;classic&quot;,&quot;shape_divider_bottom&quot;:&quot;tilt&quot;}\">\n\t\t\t\t\t<div class=\"elementor-shape elementor-shape-bottom\" aria-hidden=\"true\" data-negative=\"false\">\n\t\t\t<svg xmlns=\"http:\/\/www.w3.org\/2000\/svg\" viewBox=\"0 0 1000 100\" preserveAspectRatio=\"none\">\n\t<path class=\"elementor-shape-fill\" d=\"M0,6V0h1000v100L0,6z\"\/>\n<\/svg>\t\t<\/div>\n\t\t\t\t\t<div class=\"elementor-container elementor-column-gap-default\">\n\t\t\t\t\t<div class=\"elementor-column elementor-col-100 elementor-top-column elementor-element elementor-element-65016f1c\" data-id=\"65016f1c\" data-element_type=\"column\" data-e-type=\"column\">\n\t\t\t<div class=\"elementor-widget-wrap elementor-element-populated\">\n\t\t\t\t\t\t<div class=\"elementor-element elementor-element-372385ed elementor-widget elementor-widget-heading\" data-id=\"372385ed\" data-element_type=\"widget\" data-e-type=\"widget\" data-widget_type=\"heading.default\">\n\t\t\t\t<div class=\"elementor-widget-container\">\n\t\t\t\t\t<h1 class=\"elementor-heading-title elementor-size-default\">Politique de confidentialit\u00e9<\/h1>\t\t\t\t<\/div>\n\t\t\t\t<\/div>\n\t\t\t\t\t<\/div>\n\t\t<\/div>\n\t\t\t\t\t<\/div>\n\t\t<\/section>\n\t\t\t\t<section class=\"elementor-section elementor-top-section elementor-element elementor-element-515d6313 elementor-section-boxed elementor-section-height-default elementor-section-height-default\" data-id=\"515d6313\" data-element_type=\"section\" data-e-type=\"section\">\n\t\t\t\t\t\t<div class=\"elementor-container elementor-column-gap-default\">\n\t\t\t\t\t<div class=\"elementor-column elementor-col-100 elementor-top-column elementor-element elementor-element-513e6679\" data-id=\"513e6679\" data-element_type=\"column\" data-e-type=\"column\">\n\t\t\t<div class=\"elementor-widget-wrap elementor-element-populated\">\n\t\t\t\t\t\t<div class=\"elementor-element elementor-element-7a91b88 elementor-widget elementor-widget-heading\" data-id=\"7a91b88\" data-element_type=\"widget\" data-e-type=\"widget\" data-widget_type=\"heading.default\">\n\t\t\t\t<div class=\"elementor-widget-container\">\n\t\t\t\t\t<h3 class=\"elementor-heading-title elementor-size-default\">Politique de confidentialit\u00e9 de Sinalys<\/h3>\t\t\t\t<\/div>\n\t\t\t\t<\/div>\n\t\t\t\t<div class=\"elementor-element elementor-element-d64f964 elementor-widget elementor-widget-heading\" data-id=\"d64f964\" data-element_type=\"widget\" data-e-type=\"widget\" data-widget_type=\"heading.default\">\n\t\t\t\t<div class=\"elementor-widget-container\">\n\t\t\t\t\t<h3 class=\"elementor-heading-title elementor-size-default\">Identification du site internet concern\u00e9<\/h3>\t\t\t\t<\/div>\n\t\t\t\t<\/div>\n\t\t\t\t<div class=\"elementor-element elementor-element-24de9bf elementor-widget elementor-widget-text-editor\" data-id=\"24de9bf\" data-element_type=\"widget\" data-e-type=\"widget\" data-widget_type=\"text-editor.default\">\n\t\t\t\t<div class=\"elementor-widget-container\">\n\t\t\t\t\t\t\t\t\t<p>La pr\u00e9sente politique de confidentialit\u00e9 est relative au site internet : www.calculyptus.com \u00e9dit\u00e9 par la soci\u00e9t\u00e9 Sinalys.<\/p>\t\t\t\t\t\t\t\t<\/div>\n\t\t\t\t<\/div>\n\t\t\t\t<div class=\"elementor-element elementor-element-4664599 elementor-widget elementor-widget-heading\" data-id=\"4664599\" data-element_type=\"widget\" data-e-type=\"widget\" data-widget_type=\"heading.default\">\n\t\t\t\t<div class=\"elementor-widget-container\">\n\t\t\t\t\t<h3 class=\"elementor-heading-title elementor-size-default\">Formulaire de contact<\/h3>\t\t\t\t<\/div>\n\t\t\t\t<\/div>\n\t\t\t\t<div class=\"elementor-element elementor-element-285d399 elementor-widget elementor-widget-text-editor\" data-id=\"285d399\" data-element_type=\"widget\" data-e-type=\"widget\" data-widget_type=\"text-editor.default\">\n\t\t\t\t<div class=\"elementor-widget-container\">\n\t\t\t\t\t\t\t\t\t<p>Ce site collecte et exploite des donn\u00e9es personnelles dans le seul cadre d\u2019une prise de contact via le formulaire pr\u00e9vu \u00e0 cet effet. Les donn\u00e9es collect\u00e9es sont les nom et pr\u00e9nom du contact ainsi que son adresse e-mail.<\/p><p>Sinalys s&rsquo;engage \u00e0 ce qu&rsquo;aucune\u00a0information r\u00e9colt\u00e9e par ce formulaire ne soit revendue ou transmise \u00e0 des tiers.<\/p>\t\t\t\t\t\t\t\t<\/div>\n\t\t\t\t<\/div>\n\t\t\t\t<div class=\"elementor-element elementor-element-bf99df6 elementor-widget elementor-widget-heading\" data-id=\"bf99df6\" data-element_type=\"widget\" data-e-type=\"widget\" data-widget_type=\"heading.default\">\n\t\t\t\t<div class=\"elementor-widget-container\">\n\t\t\t\t\t<h3 class=\"elementor-heading-title elementor-size-default\">Acc\u00e8s \u00e0 vos donn\u00e9es personnelles<\/h3>\t\t\t\t<\/div>\n\t\t\t\t<\/div>\n\t\t\t\t<div class=\"elementor-element elementor-element-12df7cc elementor-widget elementor-widget-text-editor\" data-id=\"12df7cc\" data-element_type=\"widget\" data-e-type=\"widget\" data-widget_type=\"text-editor.default\">\n\t\t\t\t<div class=\"elementor-widget-container\">\n\t\t\t\t\t\t\t\t\t<p>Conform\u00e9ment au\u00a0<a href=\"https:\/\/www.cnil.fr\/fr\/reglement-europeen-protection-donnees\" target=\"_blank\" rel=\"noopener\">R\u00e8glement G\u00e9n\u00e9ral sur la Protection des Donn\u00e9es (RGPD)<\/a>\u00a0du 23 mai 2018, vous disposez d&rsquo;un droit d&rsquo;information, de modification et de suppression des donn\u00e9es personnelles que vous auriez \u00e9t\u00e9 amen\u00e9 \u00e0 renseigner au travers de notre formulaire de contact. Pour exercer ce droit, vous pouvez joindre M. Fran\u00e7ois d&rsquo;Argence, notre d\u00e9l\u00e9gu\u00e9 \u00e0 la protection des donn\u00e9es en utilisant notre formulaire de contact ou par courrier postal adress\u00e9 \u00e0 Sinalys &#8211; 13-15 rue de Calais, 75009 Paris.<\/p>\t\t\t\t\t\t\t\t<\/div>\n\t\t\t\t<\/div>\n\t\t\t\t<div class=\"elementor-element elementor-element-1001fe8 elementor-widget elementor-widget-heading\" data-id=\"1001fe8\" data-element_type=\"widget\" data-e-type=\"widget\" data-widget_type=\"heading.default\">\n\t\t\t\t<div class=\"elementor-widget-container\">\n\t\t\t\t\t<h3 class=\"elementor-heading-title elementor-size-default\">Dur\u00e9e de conservation des donn\u00e9es personnelles<\/h3>\t\t\t\t<\/div>\n\t\t\t\t<\/div>\n\t\t\t\t<div class=\"elementor-element elementor-element-fffea7f elementor-widget elementor-widget-text-editor\" data-id=\"fffea7f\" data-element_type=\"widget\" data-e-type=\"widget\" data-widget_type=\"text-editor.default\">\n\t\t\t\t<div class=\"elementor-widget-container\">\n\t\t\t\t\t\t\t\t\t<p>Les donn\u00e9es personnelles enregistr\u00e9es sur ce site sont conserv\u00e9es pour une dur\u00e9e maximum de 3 ans \u00e0 compter de leur date d&rsquo;acquisition via le formulaire de contact. Sinalys se r\u00e9serve la possibilit\u00e9 de les supprimer \u00e0 tout moment avant l&rsquo;expiration de ce d\u00e9lai.<\/p>\t\t\t\t\t\t\t\t<\/div>\n\t\t\t\t<\/div>\n\t\t\t\t<div class=\"elementor-element elementor-element-6341d60 elementor-widget elementor-widget-heading\" data-id=\"6341d60\" data-element_type=\"widget\" data-e-type=\"widget\" data-widget_type=\"heading.default\">\n\t\t\t\t<div class=\"elementor-widget-container\">\n\t\t\t\t\t<h3 class=\"elementor-heading-title elementor-size-default\">Contenu embarqu\u00e9 depuis d'autres sites<\/h3>\t\t\t\t<\/div>\n\t\t\t\t<\/div>\n\t\t\t\t<div class=\"elementor-element elementor-element-993bf73 elementor-widget elementor-widget-text-editor\" data-id=\"993bf73\" data-element_type=\"widget\" data-e-type=\"widget\" data-widget_type=\"text-editor.default\">\n\t\t\t\t<div class=\"elementor-widget-container\">\n\t\t\t\t\t\t\t\t\t<p>Les pages et articles de ce site peuvent inclure des contenus int\u00e9gr\u00e9s (par exemple des vid\u00e9os, images, articles\u2026). Le contenu int\u00e9gr\u00e9 depuis d\u2019autres sites se comporte de la m\u00eame mani\u00e8re que si le visiteur se rendait sur cet autre site.<\/p>\n<p>Ces sites web pourraient collecter des donn\u00e9es sur vous, utiliser des cookies, embarquer des outils de suivis tiers, suivre vos interactions avec ces contenus embarqu\u00e9s si vous disposez d\u2019un compte connect\u00e9 sur leur site web.<\/p>\t\t\t\t\t\t\t\t<\/div>\n\t\t\t\t<\/div>\n\t\t\t\t<div class=\"elementor-element elementor-element-ffc3308 elementor-widget elementor-widget-heading\" data-id=\"ffc3308\" data-element_type=\"widget\" data-e-type=\"widget\" data-widget_type=\"heading.default\">\n\t\t\t\t<div class=\"elementor-widget-container\">\n\t\t\t\t\t<h3 class=\"elementor-heading-title elementor-size-default\">Protection des donn\u00e9es personnelles<\/h3>\t\t\t\t<\/div>\n\t\t\t\t<\/div>\n\t\t\t\t<div class=\"elementor-element elementor-element-8643a01 elementor-widget elementor-widget-text-editor\" data-id=\"8643a01\" data-element_type=\"widget\" data-e-type=\"widget\" data-widget_type=\"text-editor.default\">\n\t\t\t\t<div class=\"elementor-widget-container\">\n\t\t\t\t\t\t\t\t\t<p>Si vous avez rempli le formulaire de contact, votre nom, votre pr\u00e9nom, votre soci\u00e9t\u00e9 et votre adresse e-mail sont enregistr\u00e9s dans notre base de donn\u00e9es. Ce site prot\u00e8ge vos donn\u00e9es personnelles en utilisant plusieurs techniques d\u00e9di\u00e9es \u00e0 la s\u00e9curit\u00e9 que ce soit lors de leur transmission sur internet ou de leur stockage en base de donn\u00e9es.<\/p><p>Toutefois, si des donn\u00e9es personnelles venaient \u00e0 \u00eatre d\u00e9rob\u00e9es, nous en informerions aussit\u00f4t les utilisateurs concern\u00e9s directement par e-mail.<\/p>\t\t\t\t\t\t\t\t<\/div>\n\t\t\t\t<\/div>\n\t\t\t\t<div class=\"elementor-element elementor-element-6d73a26 elementor-widget elementor-widget-heading\" data-id=\"6d73a26\" data-element_type=\"widget\" data-e-type=\"widget\" data-widget_type=\"heading.default\">\n\t\t\t\t<div class=\"elementor-widget-container\">\n\t\t\t\t\t<h3 class=\"elementor-heading-title elementor-size-default\">Suivi statistique de votre navigation<\/h3>\t\t\t\t<\/div>\n\t\t\t\t<\/div>\n\t\t\t\t<div class=\"elementor-element elementor-element-21bcf06 elementor-widget elementor-widget-text-editor\" data-id=\"21bcf06\" data-element_type=\"widget\" data-e-type=\"widget\" data-widget_type=\"text-editor.default\">\n\t\t\t\t<div class=\"elementor-widget-container\">\n\t\t\t\t\t\t\t\t\t<p>Le site de Sinalys int\u00e8gre Matomo, un outil de suivi statistique conforme au RGPD et approuv\u00e9 par la CNIL<\/p><p>[matomo_opt_out]<\/p>\t\t\t\t\t\t\t\t<\/div>\n\t\t\t\t<\/div>\n\t\t\t\t\t<\/div>\n\t\t<\/div>\n\t\t\t\t\t<\/div>\n\t\t<\/section>\n\t\t\t\t<\/div>\n\t\t","protected":false},"excerpt":{"rendered":"<p>Politique de confidentialit\u00e9 Politique de confidentialit\u00e9 de Sinalys Identification du site internet concern\u00e9 La pr\u00e9sente politique de confidentialit\u00e9 est relative au site internet : www.calculyptus.com \u00e9dit\u00e9 par la soci\u00e9t\u00e9 Sinalys. Formulaire de contact Ce site collecte et exploite des donn\u00e9es personnelles dans le seul cadre d\u2019une prise de contact via le formulaire pr\u00e9vu \u00e0 cet [&hellip;]<\/p>\n","protected":false},"author":1,"featured_media":0,"parent":0,"menu_order":0,"comment_status":"closed","ping_status":"open","template":"","meta":{"footnotes":""},"class_list":["post-3","page","type-page","status-publish","hentry"],"yoast_head":"<!-- This site is optimized with the Yoast SEO plugin v27.5 - https:\/\/yoast.com\/product\/yoast-seo-wordpress\/ -->\n<title>Politique de confidentialit\u00e9 - Calculyptus<\/title>\n<meta name=\"robots\" content=\"index, follow, max-snippet:-1, max-image-preview:large, max-video-preview:-1\" \/>\n<link rel=\"canonical\" href=\"https:\/\/www.calculyptus.com\/en\/politique-de-confidentialite\/\" \/>\n<meta property=\"og:locale\" content=\"en_GB\" \/>\n<meta property=\"og:type\" content=\"article\" \/>\n<meta property=\"og:title\" content=\"Politique de confidentialit\u00e9 - Calculyptus\" \/>\n<meta property=\"og:description\" content=\"Politique de confidentialit\u00e9 Politique de confidentialit\u00e9 de Sinalys Identification du site internet concern\u00e9 La pr\u00e9sente politique de confidentialit\u00e9 est relative au site internet : www.calculyptus.com \u00e9dit\u00e9 par la soci\u00e9t\u00e9 Sinalys. Formulaire de contact Ce site collecte et exploite des donn\u00e9es personnelles dans le seul cadre d\u2019une prise de contact via le formulaire pr\u00e9vu \u00e0 cet [&hellip;]\" \/>\n<meta property=\"og:url\" content=\"https:\/\/www.calculyptus.com\/en\/politique-de-confidentialite\/\" \/>\n<meta property=\"og:site_name\" content=\"Calculyptus\" \/>\n<meta property=\"article:modified_time\" content=\"2024-09-30T08:08:46+00:00\" \/>\n<meta name=\"twitter:card\" content=\"summary_large_image\" \/>\n<meta name=\"twitter:label1\" content=\"Estimated reading time\" \/>\n\t<meta name=\"twitter:data1\" content=\"3 minutes\" \/>\n<script type=\"application\/ld+json\" class=\"yoast-schema-graph\">{\"@context\":\"https:\\\/\\\/schema.org\",\"@graph\":[{\"@type\":\"WebPage\",\"@id\":\"https:\\\/\\\/www.calculyptus.com\\\/politique-de-confidentialite\\\/\",\"url\":\"https:\\\/\\\/www.calculyptus.com\\\/politique-de-confidentialite\\\/\",\"name\":\"Politique de confidentialit\u00e9 - Calculyptus\",\"isPartOf\":{\"@id\":\"https:\\\/\\\/www.calculyptus.com\\\/#website\"},\"datePublished\":\"2020-05-07T12:45:05+00:00\",\"dateModified\":\"2024-09-30T08:08:46+00:00\",\"breadcrumb\":{\"@id\":\"https:\\\/\\\/www.calculyptus.com\\\/politique-de-confidentialite\\\/#breadcrumb\"},\"inLanguage\":\"en-GB\",\"potentialAction\":[{\"@type\":\"ReadAction\",\"target\":[\"https:\\\/\\\/www.calculyptus.com\\\/politique-de-confidentialite\\\/\"]}]},{\"@type\":\"BreadcrumbList\",\"@id\":\"https:\\\/\\\/www.calculyptus.com\\\/politique-de-confidentialite\\\/#breadcrumb\",\"itemListElement\":[{\"@type\":\"ListItem\",\"position\":1,\"name\":\"Accueil\",\"item\":\"https:\\\/\\\/www.calculyptus.com\\\/\"},{\"@type\":\"ListItem\",\"position\":2,\"name\":\"Politique de confidentialit\u00e9\"}]},{\"@type\":\"WebSite\",\"@id\":\"https:\\\/\\\/www.calculyptus.com\\\/#website\",\"url\":\"https:\\\/\\\/www.calculyptus.com\\\/\",\"name\":\"Calculyptus\",\"description\":\"\",\"publisher\":{\"@id\":\"https:\\\/\\\/www.calculyptus.com\\\/#organization\"},\"potentialAction\":[{\"@type\":\"SearchAction\",\"target\":{\"@type\":\"EntryPoint\",\"urlTemplate\":\"https:\\\/\\\/www.calculyptus.com\\\/?s={search_term_string}\"},\"query-input\":{\"@type\":\"PropertyValueSpecification\",\"valueRequired\":true,\"valueName\":\"search_term_string\"}}],\"inLanguage\":\"en-GB\"},{\"@type\":\"Organization\",\"@id\":\"https:\\\/\\\/www.calculyptus.com\\\/#organization\",\"name\":\"Calculyptus\",\"url\":\"https:\\\/\\\/www.calculyptus.com\\\/\",\"logo\":{\"@type\":\"ImageObject\",\"inLanguage\":\"en-GB\",\"@id\":\"https:\\\/\\\/www.calculyptus.com\\\/#\\\/schema\\\/logo\\\/image\\\/\",\"url\":\"https:\\\/\\\/www.calculyptus.com\\\/wp-content\\\/uploads\\\/2020\\\/10\\\/Logo_Sinalys_transparent.png\",\"contentUrl\":\"https:\\\/\\\/www.calculyptus.com\\\/wp-content\\\/uploads\\\/2020\\\/10\\\/Logo_Sinalys_transparent.png\",\"width\":1831,\"height\":464,\"caption\":\"Calculyptus\"},\"image\":{\"@id\":\"https:\\\/\\\/www.calculyptus.com\\\/#\\\/schema\\\/logo\\\/image\\\/\"}}]}<\/script>\n<!-- \/ Yoast SEO plugin. -->","yoast_head_json":{"title":"Politique de confidentialit\u00e9 - Calculyptus","robots":{"index":"index","follow":"follow","max-snippet":"max-snippet:-1","max-image-preview":"max-image-preview:large","max-video-preview":"max-video-preview:-1"},"canonical":"https:\/\/www.calculyptus.com\/en\/politique-de-confidentialite\/","og_locale":"en_GB","og_type":"article","og_title":"Politique de confidentialit\u00e9 - Calculyptus","og_description":"Politique de confidentialit\u00e9 Politique de confidentialit\u00e9 de Sinalys Identification du site internet concern\u00e9 La pr\u00e9sente politique de confidentialit\u00e9 est relative au site internet : www.calculyptus.com \u00e9dit\u00e9 par la soci\u00e9t\u00e9 Sinalys. Formulaire de contact Ce site collecte et exploite des donn\u00e9es personnelles dans le seul cadre d\u2019une prise de contact via le formulaire pr\u00e9vu \u00e0 cet [&hellip;]","og_url":"https:\/\/www.calculyptus.com\/en\/politique-de-confidentialite\/","og_site_name":"Calculyptus","article_modified_time":"2024-09-30T08:08:46+00:00","twitter_card":"summary_large_image","twitter_misc":{"Estimated reading time":"3 minutes"},"schema":{"@context":"https:\/\/schema.org","@graph":[{"@type":"WebPage","@id":"https:\/\/www.calculyptus.com\/politique-de-confidentialite\/","url":"https:\/\/www.calculyptus.com\/politique-de-confidentialite\/","name":"Politique de confidentialit\u00e9 - Calculyptus","isPartOf":{"@id":"https:\/\/www.calculyptus.com\/#website"},"datePublished":"2020-05-07T12:45:05+00:00","dateModified":"2024-09-30T08:08:46+00:00","breadcrumb":{"@id":"https:\/\/www.calculyptus.com\/politique-de-confidentialite\/#breadcrumb"},"inLanguage":"en-GB","potentialAction":[{"@type":"ReadAction","target":["https:\/\/www.calculyptus.com\/politique-de-confidentialite\/"]}]},{"@type":"BreadcrumbList","@id":"https:\/\/www.calculyptus.com\/politique-de-confidentialite\/#breadcrumb","itemListElement":[{"@type":"ListItem","position":1,"name":"Accueil","item":"https:\/\/www.calculyptus.com\/"},{"@type":"ListItem","position":2,"name":"Politique de confidentialit\u00e9"}]},{"@type":"WebSite","@id":"https:\/\/www.calculyptus.com\/#website","url":"https:\/\/www.calculyptus.com\/","name":"Calculyptus","description":"","publisher":{"@id":"https:\/\/www.calculyptus.com\/#organization"},"potentialAction":[{"@type":"SearchAction","target":{"@type":"EntryPoint","urlTemplate":"https:\/\/www.calculyptus.com\/?s={search_term_string}"},"query-input":{"@type":"PropertyValueSpecification","valueRequired":true,"valueName":"search_term_string"}}],"inLanguage":"en-GB"},{"@type":"Organization","@id":"https:\/\/www.calculyptus.com\/#organization","name":"Calculyptus","url":"https:\/\/www.calculyptus.com\/","logo":{"@type":"ImageObject","inLanguage":"en-GB","@id":"https:\/\/www.calculyptus.com\/#\/schema\/logo\/image\/","url":"https:\/\/www.calculyptus.com\/wp-content\/uploads\/2020\/10\/Logo_Sinalys_transparent.png","contentUrl":"https:\/\/www.calculyptus.com\/wp-content\/uploads\/2020\/10\/Logo_Sinalys_transparent.png","width":1831,"height":464,"caption":"Calculyptus"},"image":{"@id":"https:\/\/www.calculyptus.com\/#\/schema\/logo\/image\/"}}]}},"_links":{"self":[{"href":"https:\/\/www.calculyptus.com\/en\/wp-json\/wp\/v2\/pages\/3","targetHints":{"allow":["GET"]}}],"collection":[{"href":"https:\/\/www.calculyptus.com\/en\/wp-json\/wp\/v2\/pages"}],"about":[{"href":"https:\/\/www.calculyptus.com\/en\/wp-json\/wp\/v2\/types\/page"}],"author":[{"embeddable":true,"href":"https:\/\/www.calculyptus.com\/en\/wp-json\/wp\/v2\/users\/1"}],"replies":[{"embeddable":true,"href":"https:\/\/www.calculyptus.com\/en\/wp-json\/wp\/v2\/comments?post=3"}],"version-history":[{"count":113,"href":"https:\/\/www.calculyptus.com\/en\/wp-json\/wp\/v2\/pages\/3\/revisions"}],"predecessor-version":[{"id":5027,"href":"https:\/\/www.calculyptus.com\/en\/wp-json\/wp\/v2\/pages\/3\/revisions\/5027"}],"wp:attachment":[{"href":"https:\/\/www.calculyptus.com\/en\/wp-json\/wp\/v2\/media?parent=3"}],"curies":[{"name":"wp","href":"https:\/\/api.w.org\/{rel}","templated":true}]}}