{"id":1956,"date":"2020-11-19T16:29:36","date_gmt":"2020-11-19T15:29:36","guid":{"rendered":"https:\/\/www.calculyptus.com\/?page_id=1956"},"modified":"2024-09-28T19:44:22","modified_gmt":"2024-09-28T17:44:22","slug":"mentions-legales","status":"publish","type":"page","link":"https:\/\/www.calculyptus.com\/en\/mentions-legales\/","title":{"rendered":"Terms of use"},"content":{"rendered":"<div data-elementor-type=\"wp-page\" data-elementor-id=\"1956\" class=\"elementor elementor-1956\" data-elementor-post-type=\"page\">\n\t\t\t\t\t\t<section class=\"elementor-section elementor-top-section elementor-element elementor-element-c83fbc3 elementor-section-height-min-height elementor-section-boxed elementor-section-height-default elementor-section-items-middle\" data-id=\"c83fbc3\" data-element_type=\"section\" data-e-type=\"section\" data-settings=\"{&quot;background_background&quot;:&quot;classic&quot;,&quot;shape_divider_bottom&quot;:&quot;tilt&quot;}\">\n\t\t\t\t\t<div class=\"elementor-shape elementor-shape-bottom\" aria-hidden=\"true\" data-negative=\"false\">\n\t\t\t<svg xmlns=\"http:\/\/www.w3.org\/2000\/svg\" viewbox=\"0 0 1000 100\" preserveaspectratio=\"none\">\n\t<path class=\"elementor-shape-fill\" d=\"M0,6V0h1000v100L0,6z\"\/>\n<\/svg>\t\t<\/div>\n\t\t\t\t\t<div class=\"elementor-container elementor-column-gap-default\">\n\t\t\t\t\t<div class=\"elementor-column elementor-col-100 elementor-top-column elementor-element elementor-element-34bcffac\" data-id=\"34bcffac\" data-element_type=\"column\" data-e-type=\"column\">\n\t\t\t<div class=\"elementor-widget-wrap elementor-element-populated\">\n\t\t\t\t\t\t<div class=\"elementor-element elementor-element-45c823bb elementor-widget elementor-widget-heading\" data-id=\"45c823bb\" data-element_type=\"widget\" data-e-type=\"widget\" data-widget_type=\"heading.default\">\n\t\t\t\t<div class=\"elementor-widget-container\">\n\t\t\t\t\t<h1 class=\"elementor-heading-title elementor-size-default\">Terms of use<\/h1>\t\t\t\t<\/div>\n\t\t\t\t<\/div>\n\t\t\t\t\t<\/div>\n\t\t<\/div>\n\t\t\t\t\t<\/div>\n\t\t<\/section>\n\t\t\t\t<section class=\"elementor-section elementor-top-section elementor-element elementor-element-4ef756eb elementor-section-boxed elementor-section-height-default elementor-section-height-default\" data-id=\"4ef756eb\" data-element_type=\"section\" data-e-type=\"section\">\n\t\t\t\t\t\t<div class=\"elementor-container elementor-column-gap-default\">\n\t\t\t\t\t<div class=\"elementor-column elementor-col-100 elementor-top-column elementor-element elementor-element-10978b55\" data-id=\"10978b55\" data-element_type=\"column\" data-e-type=\"column\">\n\t\t\t<div class=\"elementor-widget-wrap elementor-element-populated\">\n\t\t\t\t\t\t<div class=\"elementor-element elementor-element-a506c95 elementor-widget elementor-widget-heading\" data-id=\"a506c95\" data-element_type=\"widget\" data-e-type=\"widget\" data-widget_type=\"heading.default\">\n\t\t\t\t<div class=\"elementor-widget-container\">\n\t\t\t\t\t<h3 class=\"elementor-heading-title elementor-size-default\">Propri\u00e9t\u00e9<\/h3>\t\t\t\t<\/div>\n\t\t\t\t<\/div>\n\t\t\t\t<div class=\"elementor-element elementor-element-90fc829 elementor-widget elementor-widget-text-editor\" data-id=\"90fc829\" data-element_type=\"widget\" data-e-type=\"widget\" data-widget_type=\"text-editor.default\">\n\t\t\t\t<div class=\"elementor-widget-container\">\n\t\t\t\t\t\t\t\t\t<p>Le pr\u00e9sent site est la propri\u00e9t\u00e9 de la soci\u00e9t\u00e9 Sinalys, SAS au capital de 780 000 \u20ac, immatricul\u00e9e au registre du commerce et des soci\u00e9t\u00e9s de Paris sous le num\u00e9ro de RCS 438 381 352, sise 13-15 rue de Calais 75009 Paris.<\/p>\t\t\t\t\t\t\t\t<\/div>\n\t\t\t\t<\/div>\n\t\t\t\t<div class=\"elementor-element elementor-element-4a1bb57 elementor-widget elementor-widget-heading\" data-id=\"4a1bb57\" data-element_type=\"widget\" data-e-type=\"widget\" data-widget_type=\"heading.default\">\n\t\t\t\t<div class=\"elementor-widget-container\">\n\t\t\t\t\t<h3 class=\"elementor-heading-title elementor-size-default\">Directeur de la publication<\/h3>\t\t\t\t<\/div>\n\t\t\t\t<\/div>\n\t\t\t\t<div class=\"elementor-element elementor-element-3e4ee2bf elementor-widget elementor-widget-text-editor\" data-id=\"3e4ee2bf\" data-element_type=\"widget\" data-e-type=\"widget\" data-widget_type=\"text-editor.default\">\n\t\t\t\t<div class=\"elementor-widget-container\">\n\t\t\t\t\t\t\t\t\t<p>Le Directeur de la publication est M. Fran\u00e7ois d&rsquo;Argence<\/p>\t\t\t\t\t\t\t\t<\/div>\n\t\t\t\t<\/div>\n\t\t\t\t<div class=\"elementor-element elementor-element-216ac912 elementor-widget elementor-widget-heading\" data-id=\"216ac912\" data-element_type=\"widget\" data-e-type=\"widget\" data-widget_type=\"heading.default\">\n\t\t\t\t<div class=\"elementor-widget-container\">\n\t\t\t\t\t<h3 class=\"elementor-heading-title elementor-size-default\">Charte \u00e9ditoriale<\/h3>\t\t\t\t<\/div>\n\t\t\t\t<\/div>\n\t\t\t\t<div class=\"elementor-element elementor-element-24cc7aca elementor-widget elementor-widget-text-editor\" data-id=\"24cc7aca\" data-element_type=\"widget\" data-e-type=\"widget\" data-widget_type=\"text-editor.default\">\n\t\t\t\t<div class=\"elementor-widget-container\">\n\t\t\t\t\t\t\t\t\t<p>Le contenu de nos pages Web est destin\u00e9 \u00e0 fournir des informations utiles au visiteur. Bien que notre objectif principal soit de communiquer des informations mises \u00e0 jour, nous ne garantissons pas l&rsquo;exactitude ou la mise \u00e0 jour du contenu. Nous avons v\u00e9rifi\u00e9 la conformit\u00e9 du contenu et nous nous r\u00e9servons le droit de faire des changements sur notre site sans avis pr\u00e9alable.<\/p>\t\t\t\t\t\t\t\t<\/div>\n\t\t\t\t<\/div>\n\t\t\t\t<div class=\"elementor-element elementor-element-fa24e4b elementor-widget elementor-widget-heading\" data-id=\"fa24e4b\" data-element_type=\"widget\" data-e-type=\"widget\" data-widget_type=\"heading.default\">\n\t\t\t\t<div class=\"elementor-widget-container\">\n\t\t\t\t\t<h3 class=\"elementor-heading-title elementor-size-default\">H\u00e9bergement<\/h3>\t\t\t\t<\/div>\n\t\t\t\t<\/div>\n\t\t\t\t<div class=\"elementor-element elementor-element-233db6e elementor-widget elementor-widget-text-editor\" data-id=\"233db6e\" data-element_type=\"widget\" data-e-type=\"widget\" data-widget_type=\"text-editor.default\">\n\t\t\t\t<div class=\"elementor-widget-container\">\n\t\t\t\t\t\t\t\t\t<p>Le site www.calculyptus.com est h\u00e9berg\u00e9 par :<br \/><span style=\"color: var( --e-global-color-text ); font-weight: var( --e-global-typography-text-font-weight );\">OVH SAS<br \/><\/span><span style=\"color: var( --e-global-color-text ); font-weight: var( --e-global-typography-text-font-weight );\">RCS Lille M\u00e9tropole 424 761 419 00045<br \/><\/span><span style=\"color: var( --e-global-color-text ); font-weight: var( --e-global-typography-text-font-weight );\">Si\u00e8ge social : 2 rue Kellermann &#8211; 59100 Roubaix &#8211; France<\/span><\/p>\t\t\t\t\t\t\t\t<\/div>\n\t\t\t\t<\/div>\n\t\t\t\t\t<\/div>\n\t\t<\/div>\n\t\t\t\t\t<\/div>\n\t\t<\/section>\n\t\t\t\t<\/div>","protected":false},"excerpt":{"rendered":"<p>Mentions l\u00e9gales Propri\u00e9t\u00e9 Le pr\u00e9sent site est la propri\u00e9t\u00e9 de la soci\u00e9t\u00e9 Sinalys, SAS au capital de 780 000 \u20ac, immatricul\u00e9e au registre du commerce et des soci\u00e9t\u00e9s de Paris sous le num\u00e9ro de RCS 438 381 352, sise 13-15 rue de Calais 75009 Paris. Directeur de la publication Le Directeur de la publication est [&hellip;]<\/p>\n","protected":false},"author":1,"featured_media":0,"parent":0,"menu_order":0,"comment_status":"closed","ping_status":"closed","template":"","meta":{"footnotes":""},"class_list":["post-1956","page","type-page","status-publish","hentry"],"yoast_head":"<!-- This site is optimized with the Yoast SEO plugin v27.4 - https:\/\/yoast.com\/product\/yoast-seo-wordpress\/ -->\n<title>Mentions l\u00e9gales - Calculyptus<\/title>\n<meta name=\"robots\" content=\"index, follow, max-snippet:-1, max-image-preview:large, max-video-preview:-1\" \/>\n<link rel=\"canonical\" href=\"https:\/\/www.calculyptus.com\/en\/mentions-legales\/\" \/>\n<meta property=\"og:locale\" content=\"en_GB\" \/>\n<meta property=\"og:type\" content=\"article\" \/>\n<meta property=\"og:title\" content=\"Mentions l\u00e9gales - Calculyptus\" \/>\n<meta property=\"og:description\" content=\"Mentions l\u00e9gales Propri\u00e9t\u00e9 Le pr\u00e9sent site est la propri\u00e9t\u00e9 de la soci\u00e9t\u00e9 Sinalys, SAS au capital de 780 000 \u20ac, immatricul\u00e9e au registre du commerce et des soci\u00e9t\u00e9s de Paris sous le num\u00e9ro de RCS 438 381 352, sise 13-15 rue de Calais 75009 Paris. Directeur de la publication Le Directeur de la publication est [&hellip;]\" \/>\n<meta property=\"og:url\" content=\"https:\/\/www.calculyptus.com\/en\/mentions-legales\/\" \/>\n<meta property=\"og:site_name\" content=\"Calculyptus\" \/>\n<meta property=\"article:modified_time\" content=\"2024-09-28T17:44:22+00:00\" \/>\n<meta name=\"twitter:card\" content=\"summary_large_image\" \/>\n<meta name=\"twitter:label1\" content=\"Estimated reading time\" \/>\n\t<meta name=\"twitter:data1\" content=\"1 minute\" \/>\n<script type=\"application\/ld+json\" class=\"yoast-schema-graph\">{\"@context\":\"https:\\\/\\\/schema.org\",\"@graph\":[{\"@type\":\"WebPage\",\"@id\":\"https:\\\/\\\/www.calculyptus.com\\\/mentions-legales\\\/\",\"url\":\"https:\\\/\\\/www.calculyptus.com\\\/mentions-legales\\\/\",\"name\":\"Mentions l\u00e9gales - Calculyptus\",\"isPartOf\":{\"@id\":\"https:\\\/\\\/www.calculyptus.com\\\/#website\"},\"datePublished\":\"2020-11-19T15:29:36+00:00\",\"dateModified\":\"2024-09-28T17:44:22+00:00\",\"breadcrumb\":{\"@id\":\"https:\\\/\\\/www.calculyptus.com\\\/mentions-legales\\\/#breadcrumb\"},\"inLanguage\":\"en-GB\",\"potentialAction\":[{\"@type\":\"ReadAction\",\"target\":[\"https:\\\/\\\/www.calculyptus.com\\\/mentions-legales\\\/\"]}]},{\"@type\":\"BreadcrumbList\",\"@id\":\"https:\\\/\\\/www.calculyptus.com\\\/mentions-legales\\\/#breadcrumb\",\"itemListElement\":[{\"@type\":\"ListItem\",\"position\":1,\"name\":\"Accueil\",\"item\":\"https:\\\/\\\/www.calculyptus.com\\\/\"},{\"@type\":\"ListItem\",\"position\":2,\"name\":\"Mentions l\u00e9gales\"}]},{\"@type\":\"WebSite\",\"@id\":\"https:\\\/\\\/www.calculyptus.com\\\/#website\",\"url\":\"https:\\\/\\\/www.calculyptus.com\\\/\",\"name\":\"Calculyptus\",\"description\":\"\",\"publisher\":{\"@id\":\"https:\\\/\\\/www.calculyptus.com\\\/#organization\"},\"potentialAction\":[{\"@type\":\"SearchAction\",\"target\":{\"@type\":\"EntryPoint\",\"urlTemplate\":\"https:\\\/\\\/www.calculyptus.com\\\/?s={search_term_string}\"},\"query-input\":{\"@type\":\"PropertyValueSpecification\",\"valueRequired\":true,\"valueName\":\"search_term_string\"}}],\"inLanguage\":\"en-GB\"},{\"@type\":\"Organization\",\"@id\":\"https:\\\/\\\/www.calculyptus.com\\\/#organization\",\"name\":\"Calculyptus\",\"url\":\"https:\\\/\\\/www.calculyptus.com\\\/\",\"logo\":{\"@type\":\"ImageObject\",\"inLanguage\":\"en-GB\",\"@id\":\"https:\\\/\\\/www.calculyptus.com\\\/#\\\/schema\\\/logo\\\/image\\\/\",\"url\":\"https:\\\/\\\/www.calculyptus.com\\\/wp-content\\\/uploads\\\/2020\\\/10\\\/Logo_Sinalys_transparent.png\",\"contentUrl\":\"https:\\\/\\\/www.calculyptus.com\\\/wp-content\\\/uploads\\\/2020\\\/10\\\/Logo_Sinalys_transparent.png\",\"width\":1831,\"height\":464,\"caption\":\"Calculyptus\"},\"image\":{\"@id\":\"https:\\\/\\\/www.calculyptus.com\\\/#\\\/schema\\\/logo\\\/image\\\/\"}}]}<\/script>\n<!-- \/ Yoast SEO plugin. -->","yoast_head_json":{"title":"Mentions l\u00e9gales - Calculyptus","robots":{"index":"index","follow":"follow","max-snippet":"max-snippet:-1","max-image-preview":"max-image-preview:large","max-video-preview":"max-video-preview:-1"},"canonical":"https:\/\/www.calculyptus.com\/en\/mentions-legales\/","og_locale":"en_GB","og_type":"article","og_title":"Mentions l\u00e9gales - Calculyptus","og_description":"Mentions l\u00e9gales Propri\u00e9t\u00e9 Le pr\u00e9sent site est la propri\u00e9t\u00e9 de la soci\u00e9t\u00e9 Sinalys, SAS au capital de 780 000 \u20ac, immatricul\u00e9e au registre du commerce et des soci\u00e9t\u00e9s de Paris sous le num\u00e9ro de RCS 438 381 352, sise 13-15 rue de Calais 75009 Paris. Directeur de la publication Le Directeur de la publication est [&hellip;]","og_url":"https:\/\/www.calculyptus.com\/en\/mentions-legales\/","og_site_name":"Calculyptus","article_modified_time":"2024-09-28T17:44:22+00:00","twitter_card":"summary_large_image","twitter_misc":{"Estimated reading time":"1 minute"},"schema":{"@context":"https:\/\/schema.org","@graph":[{"@type":"WebPage","@id":"https:\/\/www.calculyptus.com\/mentions-legales\/","url":"https:\/\/www.calculyptus.com\/mentions-legales\/","name":"Mentions l\u00e9gales - Calculyptus","isPartOf":{"@id":"https:\/\/www.calculyptus.com\/#website"},"datePublished":"2020-11-19T15:29:36+00:00","dateModified":"2024-09-28T17:44:22+00:00","breadcrumb":{"@id":"https:\/\/www.calculyptus.com\/mentions-legales\/#breadcrumb"},"inLanguage":"en-GB","potentialAction":[{"@type":"ReadAction","target":["https:\/\/www.calculyptus.com\/mentions-legales\/"]}]},{"@type":"BreadcrumbList","@id":"https:\/\/www.calculyptus.com\/mentions-legales\/#breadcrumb","itemListElement":[{"@type":"ListItem","position":1,"name":"Accueil","item":"https:\/\/www.calculyptus.com\/"},{"@type":"ListItem","position":2,"name":"Mentions l\u00e9gales"}]},{"@type":"WebSite","@id":"https:\/\/www.calculyptus.com\/#website","url":"https:\/\/www.calculyptus.com\/","name":"Calculyptus","description":"","publisher":{"@id":"https:\/\/www.calculyptus.com\/#organization"},"potentialAction":[{"@type":"SearchAction","target":{"@type":"EntryPoint","urlTemplate":"https:\/\/www.calculyptus.com\/?s={search_term_string}"},"query-input":{"@type":"PropertyValueSpecification","valueRequired":true,"valueName":"search_term_string"}}],"inLanguage":"en-GB"},{"@type":"Organization","@id":"https:\/\/www.calculyptus.com\/#organization","name":"Calculyptus","url":"https:\/\/www.calculyptus.com\/","logo":{"@type":"ImageObject","inLanguage":"en-GB","@id":"https:\/\/www.calculyptus.com\/#\/schema\/logo\/image\/","url":"https:\/\/www.calculyptus.com\/wp-content\/uploads\/2020\/10\/Logo_Sinalys_transparent.png","contentUrl":"https:\/\/www.calculyptus.com\/wp-content\/uploads\/2020\/10\/Logo_Sinalys_transparent.png","width":1831,"height":464,"caption":"Calculyptus"},"image":{"@id":"https:\/\/www.calculyptus.com\/#\/schema\/logo\/image\/"}}]}},"_links":{"self":[{"href":"https:\/\/www.calculyptus.com\/en\/wp-json\/wp\/v2\/pages\/1956","targetHints":{"allow":["GET"]}}],"collection":[{"href":"https:\/\/www.calculyptus.com\/en\/wp-json\/wp\/v2\/pages"}],"about":[{"href":"https:\/\/www.calculyptus.com\/en\/wp-json\/wp\/v2\/types\/page"}],"author":[{"embeddable":true,"href":"https:\/\/www.calculyptus.com\/en\/wp-json\/wp\/v2\/users\/1"}],"replies":[{"embeddable":true,"href":"https:\/\/www.calculyptus.com\/en\/wp-json\/wp\/v2\/comments?post=1956"}],"version-history":[{"count":23,"href":"https:\/\/www.calculyptus.com\/en\/wp-json\/wp\/v2\/pages\/1956\/revisions"}],"predecessor-version":[{"id":5008,"href":"https:\/\/www.calculyptus.com\/en\/wp-json\/wp\/v2\/pages\/1956\/revisions\/5008"}],"wp:attachment":[{"href":"https:\/\/www.calculyptus.com\/en\/wp-json\/wp\/v2\/media?parent=1956"}],"curies":[{"name":"wp","href":"https:\/\/api.w.org\/{rel}","templated":true}]}}